{"id":16262,"date":"2024-03-04T18:23:08","date_gmt":"2024-03-04T17:23:08","guid":{"rendered":"https:\/\/www.grandhotelsitea.it\/travaillez-avec-nous\/"},"modified":"2025-11-05T19:29:51","modified_gmt":"2025-11-05T18:29:51","slug":"travaillez-avec-nous","status":"publish","type":"page","link":"https:\/\/www.grandhotelsitea.it\/fr\/travaillez-avec-nous\/","title":{"rendered":"Travaillez avec nous"},"content":{"rendered":"\t\t<div data-elementor-type=\"wp-page\" data-elementor-id=\"16262\" class=\"elementor elementor-16262 elementor-11362\" data-elementor-post-type=\"page\">\n\t\t\t\t\t\t<section data-particle_enable=\"false\" data-particle-mobile-disabled=\"false\" class=\"elementor-section elementor-top-section elementor-element elementor-element-6a16300c elementor-section-content-middle elementor-section-boxed elementor-section-height-default elementor-section-height-default\" data-id=\"6a16300c\" data-element_type=\"section\" data-e-type=\"section\">\n\t\t\t\t\t\t<div class=\"elementor-container elementor-column-gap-no\">\n\t\t\t\t\t<div class=\"elementor-column elementor-col-100 elementor-top-column elementor-element elementor-element-1755fe20\" data-id=\"1755fe20\" data-element_type=\"column\" data-e-type=\"column\">\n\t\t\t<div class=\"elementor-widget-wrap elementor-element-populated\">\n\t\t\t\t\t\t<div class=\"elementor-element elementor-element-1227b1eb elementor-widget elementor-widget-heading\" data-id=\"1227b1eb\" data-element_type=\"widget\" data-e-type=\"widget\" data-widget_type=\"heading.default\">\n\t\t\t\t<div class=\"elementor-widget-container\">\n\t\t\t\t\t<h4 class=\"elementor-heading-title elementor-size-default\">Travaillez avec nous<\/h4>\t\t\t\t<\/div>\n\t\t\t\t<\/div>\n\t\t\t\t<div class=\"elementor-element elementor-element-2f9231ff elementor-widget elementor-widget-text-editor\" data-id=\"2f9231ff\" data-element_type=\"widget\" data-e-type=\"widget\" data-widget_type=\"text-editor.default\">\n\t\t\t\t<div class=\"elementor-widget-container\">\n\t\t\t\t\t\t\t\t\t<p>Si vous souhaitez rejoindre notre \u00e9quipe, nous vous invitons \u00e0 consulter les postes ouverts et \u00e0 envoyer votre candidature en pr\u00e9cisant dans l\u2019objet le code ou le titre du poste concern\u00e9.<\/p>\t\t\t\t\t\t\t\t<\/div>\n\t\t\t\t<\/div>\n\t\t\t\t<div class=\"elementor-element elementor-element-0923847 elementor-widget elementor-widget-text-editor\" data-id=\"0923847\" data-element_type=\"widget\" data-e-type=\"widget\" data-widget_type=\"text-editor.default\">\n\t\t\t\t<div class=\"elementor-widget-container\">\n\t\t\t\t\t\t\t\t\t<p>Si vous ne trouvez aucun poste vacant ou correspondant \u00e0 votre profil, vous pouvez soumettre votre CV actualis\u00e9, accompagn\u00e9 de vos coordonn\u00e9es, en envoyant un courriel \u00e0 <span style=\"font-weight: bold;\">careers@grandhotelsitea.it<\/span> avec pour objet : \u00ab\u00a0candidature spontan\u00e9e\u00a0\u00bb et en indiquant le d\u00e9partement qui vous int\u00e9resse (h\u00f4tels ou restaurants).<br>Cela nous permettra d\u2019examiner plus facilement votre candidature et de vous apporter une r\u00e9ponse dans les meilleurs d\u00e9lais.<\/p>\t\t\t\t\t\t\t\t<\/div>\n\t\t\t\t<\/div>\n\t\t\t\t<div class=\"elementor-element elementor-element-37eafa0 elementor-widget elementor-widget-text-editor\" data-id=\"37eafa0\" data-element_type=\"widget\" data-e-type=\"widget\" data-widget_type=\"text-editor.default\">\n\t\t\t\t<div class=\"elementor-widget-container\">\n\t\t\t\t\t\t\t\t\t<p><strong>Veuillez noter que les CV et candidatures envoy\u00e9s par d\u2019autres canaux ne seront pas pris en consid\u00e9ration.<\/strong><\/p>\t\t\t\t\t\t\t\t<\/div>\n\t\t\t\t<\/div>\n\t\t\t\t<div class=\"elementor-element elementor-element-129da09 elementor-widget elementor-widget-text-editor\" data-id=\"129da09\" data-element_type=\"widget\" data-e-type=\"widget\" data-widget_type=\"text-editor.default\">\n\t\t\t\t<div class=\"elementor-widget-container\">\n\t\t\t\t\t\t\t\t\t<p>Merci pour votre int\u00e9r\u00eat et pour votre volont\u00e9 de rejoindre notre \u00e9quipe.<\/p>\t\t\t\t\t\t\t\t<\/div>\n\t\t\t\t<\/div>\n\t\t\t\t<div class=\"elementor-element elementor-element-2bf7b3c elementor-widget elementor-widget-button\" data-id=\"2bf7b3c\" data-element_type=\"widget\" data-e-type=\"widget\" data-widget_type=\"button.default\">\n\t\t\t\t<div class=\"elementor-widget-container\">\n\t\t\t\t\t\t\t\t\t<div class=\"elementor-button-wrapper\">\n\t\t\t\t\t<a class=\"elementor-button elementor-button-link elementor-size-sm\" href=\"mailto:careers@grandhotelsitea.it\">\n\t\t\t\t\t\t<span class=\"elementor-button-content-wrapper\">\n\t\t\t\t\t\t\t\t\t<span class=\"elementor-button-text\">ENVOYER LA DEMANDE<\/span>\n\t\t\t\t\t<\/span>\n\t\t\t\t\t<\/a>\n\t\t\t\t<\/div>\n\t\t\t\t\t\t\t\t<\/div>\n\t\t\t\t<\/div>\n\t\t\t\t<div class=\"elementor-element elementor-element-427fba8 elementor-widget elementor-widget-spacer\" data-id=\"427fba8\" data-element_type=\"widget\" data-e-type=\"widget\" data-widget_type=\"spacer.default\">\n\t\t\t\t<div class=\"elementor-widget-container\">\n\t\t\t\t\t\t\t<div class=\"elementor-spacer\">\n\t\t\t<div class=\"elementor-spacer-inner\"><\/div>\n\t\t<\/div>\n\t\t\t\t\t\t<\/div>\n\t\t\t\t<\/div>\n\t\t\t\t<div class=\"elementor-element elementor-element-4874093 elementor-widget elementor-widget-text-editor\" data-id=\"4874093\" data-element_type=\"widget\" data-e-type=\"widget\" data-widget_type=\"text-editor.default\">\n\t\t\t\t<div class=\"elementor-widget-container\">\n\t\t\t\t\t\t\t\t\t<p><strong>Nous n\u2019avons pas de postes \u00e0 pourvoir pour le moment.<\/strong><\/p>\t\t\t\t\t\t\t\t<\/div>\n\t\t\t\t<\/div>\n\t\t\t\t<div class=\"elementor-element elementor-element-34a0dcf elementor-hidden-desktop elementor-hidden-tablet elementor-hidden-mobile elementor-widget elementor-widget-heading\" data-id=\"34a0dcf\" data-element_type=\"widget\" data-e-type=\"widget\" data-widget_type=\"heading.default\">\n\t\t\t\t<div class=\"elementor-widget-container\">\n\t\t\t\t\t<h4 class=\"elementor-heading-title elementor-size-default\">Agent Front-Office - nuit<\/h4>\t\t\t\t<\/div>\n\t\t\t\t<\/div>\n\t\t\t\t<div class=\"elementor-element elementor-element-858ceed elementor-hidden-desktop elementor-hidden-tablet elementor-hidden-mobile elementor-widget elementor-widget-text-editor\" data-id=\"858ceed\" data-element_type=\"widget\" data-e-type=\"widget\" data-widget_type=\"text-editor.default\">\n\t\t\t\t<div class=\"elementor-widget-container\">\n\t\t\t\t\t\t\t\t\t<p><strong>DATE DE PUBLICATION DE L&rsquo;OFFRE : 25\/04\/2025<\/strong><\/p><p>Nous recherchons une personnalit\u00e9 professionnelle pour rejoindre notre \u00e9quipe en tant que.. :<\/p><h3><strong>RECEPTIONNISTE  <\/strong><\/h3><p>avec une disponibilit\u00e9 de <strong>deux nuits par semaine<\/strong>, y compris des <strong>fermetures en soir\u00e9e<\/strong>.<\/p><p><strong>Exigences :<\/strong><\/p><ul><li>Exp\u00e9rience pr\u00e9alable dans des h\u00f4tels 4 ou 5 \u00e9toiles (de pr\u00e9f\u00e9rence)<\/li><li>Excellente connaissance de la langue anglaise ; la connaissance d&rsquo;une deuxi\u00e8me langue est un atout.<\/li><li>Expertise dans l&rsquo;utilisation des principaux logiciels de gestion h\u00f4teli\u00e8re<\/li><li>Solides comp\u00e9tences interpersonnelles, courtoisie et r\u00e9solution de probl\u00e8mes<\/li><li>Fiabilit\u00e9, ponctualit\u00e9 et discr\u00e9tion<\/li><li>Disponibilit\u00e9 pour travailler de <strong>nuit deux fois par semaine<\/strong> et les week-ends<\/li><\/ul><p><strong>Principales t\u00e2ches :<\/strong><\/p><ul><li>Accueillir et aider les clients<\/li><li>Comptabilit\u00e9 et rapports quotidiens<\/li><li>Gestion des r\u00e9servations de derni\u00e8re minute et des activit\u00e9s de check-in\/check-out<\/li><\/ul><p><strong>Nous vous proposons :<\/strong><\/p><ul><li>Contrat \u00e0 temps plein 40 heures par semaine<\/li><li>Un environnement de travail \u00e9l\u00e9gant, professionnel et stimulant<\/li><li>Opportunit\u00e9s de croissance au sein de l&rsquo;un des \u00e9tablissements les plus renomm\u00e9s de Turin<\/li><\/ul><p><a href=\"mailto:careers@grandhotelsitea.it\"><span style=\"text-decoration: underline;\"><strong>ENVOYER LA DEMANDE<\/strong><\/span><\/a><\/p><h5><i>Cette annonce s&rsquo;adresse aux deux sexes, conform\u00e9ment aux lois 903\/77 et 125\/91, et aux personnes de tous \u00e2ges et de toutes nationalit\u00e9s, conform\u00e9ment aux d\u00e9crets l\u00e9gislatifs 215\/03 et 216\/03.<\/i><\/h5>\t\t\t\t\t\t\t\t<\/div>\n\t\t\t\t<\/div>\n\t\t\t\t\t<\/div>\n\t\t<\/div>\n\t\t\t\t\t<\/div>\n\t\t<\/section>\n\t\t\t\t<\/div>\n\t\t","protected":false},"excerpt":{"rendered":"<p>Travaillez avec nous Si vous souhaitez rejoindre notre \u00e9quipe, nous vous invitons \u00e0 consulter les postes ouverts et \u00e0 envoyer votre candidature en pr\u00e9cisant dans l\u2019objet le code ou le titre du poste concern\u00e9. Si vous ne trouvez aucun poste vacant ou correspondant \u00e0 votre profil, vous pouvez soumettre votre CV actualis\u00e9, accompagn\u00e9 de vos [&hellip;]<\/p>\n","protected":false},"author":1,"featured_media":0,"parent":0,"menu_order":0,"comment_status":"closed","ping_status":"closed","template":"","meta":{"_eb_attr":"","footnotes":""},"class_list":["post-16262","page","type-page","status-publish","hentry"],"_links":{"self":[{"href":"https:\/\/www.grandhotelsitea.it\/fr\/wp-json\/wp\/v2\/pages\/16262","targetHints":{"allow":["GET"]}}],"collection":[{"href":"https:\/\/www.grandhotelsitea.it\/fr\/wp-json\/wp\/v2\/pages"}],"about":[{"href":"https:\/\/www.grandhotelsitea.it\/fr\/wp-json\/wp\/v2\/types\/page"}],"author":[{"embeddable":true,"href":"https:\/\/www.grandhotelsitea.it\/fr\/wp-json\/wp\/v2\/users\/1"}],"replies":[{"embeddable":true,"href":"https:\/\/www.grandhotelsitea.it\/fr\/wp-json\/wp\/v2\/comments?post=16262"}],"version-history":[{"count":16,"href":"https:\/\/www.grandhotelsitea.it\/fr\/wp-json\/wp\/v2\/pages\/16262\/revisions"}],"predecessor-version":[{"id":20563,"href":"https:\/\/www.grandhotelsitea.it\/fr\/wp-json\/wp\/v2\/pages\/16262\/revisions\/20563"}],"wp:attachment":[{"href":"https:\/\/www.grandhotelsitea.it\/fr\/wp-json\/wp\/v2\/media?parent=16262"}],"curies":[{"name":"wp","href":"https:\/\/api.w.org\/{rel}","templated":true}]}}